{"id":130,"date":"2025-02-10T04:15:01","date_gmt":"2025-02-10T03:15:01","guid":{"rendered":"https:\/\/ryesweb.dk\/?page_id=130"},"modified":"2025-02-10T04:24:08","modified_gmt":"2025-02-10T03:24:08","slug":"om-mig","status":"publish","type":"page","link":"https:\/\/ryesweb.dk\/?page_id=130","title":{"rendered":"Om mig"},"content":{"rendered":"\n<p>Jeg skal nok f\u00e5 udfyldt den her s\u00e5 hurtigt som muligt da alle selvf\u00f8lgelig er interesserede i hvem jeg er og hvad jeg har udrettet med mit liv \ud83d\ude09<\/p>\n\n\n\n<p>Vh Birgitte<\/p>\n\n\n\n<h2 class=\"wp-block-heading\">Den kreative side<\/h2>\n\n\n\n<p>En hel masse forskellige hobbier\/id\u00e9er bl.a. det at k\u00f8be ind til en ny hobby<\/p>\n\n\n\n<h2 class=\"wp-block-heading\">og den professionelle side<\/h2>\n\n\n\n<p>Det som jeg prim\u00e6rt tjener penge p\u00e5, s\u00e5 jeg kan betale for den kreative side \ud83d\ude00<\/p>\n","protected":false},"excerpt":{"rendered":"<p>Jeg skal nok f\u00e5 udfyldt den her s\u00e5 hurtigt som muligt da alle selvf\u00f8lgelig er interesserede i hvem jeg er og hvad jeg har udrettet med mit liv \ud83d\ude09 Vh Birgitte Den kreative side En hel masse forskellige hobbier\/id\u00e9er bl.a. det at k\u00f8be ind til en ny hobby og den professionelle side Det som jeg [&hellip;]<\/p>\n","protected":false},"author":1,"featured_media":0,"parent":0,"menu_order":0,"comment_status":"closed","ping_status":"closed","template":"wp-custom-template-ryes-sider","meta":{"footnotes":""},"class_list":["post-130","page","type-page","status-publish","hentry"],"jetpack_sharing_enabled":true,"_links":{"self":[{"href":"https:\/\/ryesweb.dk\/index.php?rest_route=\/wp\/v2\/pages\/130","targetHints":{"allow":["GET"]}}],"collection":[{"href":"https:\/\/ryesweb.dk\/index.php?rest_route=\/wp\/v2\/pages"}],"about":[{"href":"https:\/\/ryesweb.dk\/index.php?rest_route=\/wp\/v2\/types\/page"}],"author":[{"embeddable":true,"href":"https:\/\/ryesweb.dk\/index.php?rest_route=\/wp\/v2\/users\/1"}],"replies":[{"embeddable":true,"href":"https:\/\/ryesweb.dk\/index.php?rest_route=%2Fwp%2Fv2%2Fcomments&post=130"}],"version-history":[{"count":2,"href":"https:\/\/ryesweb.dk\/index.php?rest_route=\/wp\/v2\/pages\/130\/revisions"}],"predecessor-version":[{"id":134,"href":"https:\/\/ryesweb.dk\/index.php?rest_route=\/wp\/v2\/pages\/130\/revisions\/134"}],"wp:attachment":[{"href":"https:\/\/ryesweb.dk\/index.php?rest_route=%2Fwp%2Fv2%2Fmedia&parent=130"}],"curies":[{"name":"wp","href":"https:\/\/api.w.org\/{rel}","templated":true}]}}